{"id":358,"date":"2017-03-12T15:15:54","date_gmt":"2017-03-12T14:15:54","guid":{"rendered":"http:\/\/www.bigata.net\/wordpress\/?page_id=358"},"modified":"2024-09-06T15:48:47","modified_gmt":"2024-09-06T13:48:47","slug":"industry","status":"publish","type":"page","link":"https:\/\/www.bigata.net\/ru\/industry\/","title":{"rendered":"industry"},"content":{"rendered":"<section class=\"section  text-normal section-text-no-shadow section-inner-no-shadow section-normal section-opaque\"  >\n            <div class=\"background-media\" style=\"background-image: url(&#039;https:\/\/www.bigata.net\/wordpress\/wp-content\/uploads\/2024\/09\/fond.jpg&#039;); background-repeat:no-repeat; background-size:cover; background-attachment:no-scroll; background-position: 50% 0%;\" >\n                    <\/div>\n    \n    <div class=\"background-overlay grid-overlay-0 \" style=\"background-color: rgba(0,0,0,0);\"><\/div>\n\n    <div class=\"container container-vertical-default\">\n        <div class=\"row vertical-default\">\n            <div class=\"col-md-6     text-default small-screen-default\"  ><div class=\"col-text-1 text-normal  element-top-20 element-bottom-20\" data-os-animation=\"none\" data-os-animation-delay=\"0s\">\n    <h2 style=\"text-align: center;\"><span style=\"color: #ffffff;\">Chers clients,<\/span><br \/>\n<span style=\"color: #ffffff;\">Notre Industrie s\u2019adapte \u00e0 nos besoins clients en constante \u00e9volution.<\/span><br \/>\n<span style=\"color: #ffffff;\">A ce titre, d\u00e8s ce 1er Septembre 2024, nous recentrons nos activit\u00e9s industrielles localis\u00e9es au 12 rue Jean\u00a0Baptiste Perrin \u2013 33320 Eysines sur les seuls p\u00e9rim\u00e8tres des d\u00e9pollutions et essais sous pression de pi\u00e8ces usin\u00e9es.<\/span><\/h2>\n<h2 style=\"text-align: center;\"><span style=\"color: #ffffff;\">Nous cessons \u00e0 effet imm\u00e9diat nos activit\u00e9s historique de :<\/span><br \/>\n<span style=\"color: #ffffff;\">&#8211; \u00a0 \u00a0 Charge CO\u00b2<\/span><br \/>\n<span style=\"color: #ffffff;\">&#8211; \u00a0 \u00a0 Charge Air<\/span><br \/>\n<span style=\"color: #ffffff;\">&#8211; \u00a0 \u00a0 Charge Azote<\/span><br \/>\n<span style=\"color: #ffffff;\">Bien conscients de l\u2019impact d\u2019une telle d\u00e9cision sur vos besoins personnels, nous nous en excusons et vous assurons de notre sinc\u00e8re consid\u00e9ration<\/span><br \/>\n<span style=\"color: #ffffff;\">Bien \u00e0 vous,<\/span><\/h2>\n<h2><span style=\"color: #ffffff;\">L\u2019\u00e9quipe de Direction des Ateliers BIGATA<\/span><\/h2>\n<h2 style=\"text-align: center;\"><\/h2>\n<\/div>\n<\/div><div class=\"col-md-6     text-default small-screen-default\"  ><div class=\"col-text-1 text-normal  element-top-20 element-bottom-20\" data-os-animation=\"none\" data-os-animation-delay=\"0s\">\n    <h2><\/h2>\n<h2 style=\"text-align: center;\"><span style=\"color: #ffffff;\">Dear customers,<\/span><br \/>\n<span style=\"color: #ffffff;\">Our Industry adapts to our constantly evolving customer needs.<\/span><br \/>\n<span style=\"color: #ffffff;\">As such, as of September 1, 2024, we are refocusing our industrial activities located at 12 rue Jean Baptiste Perrin &#8211; 33320 Eysines on the sole scope of decontamination and pressure testing of machined parts.<br \/>\nWe are ceasing with immediate effect our historical activities of:<\/span><br \/>\n<span style=\"color: #ffffff;\">&#8211; CO\u00b2 Charge<\/span><br \/>\n<span style=\"color: #ffffff;\">&#8211; Air Charge<\/span><br \/>\n<span style=\"color: #ffffff;\">&#8211; Nitrogen Charge<\/span><br \/>\n<span style=\"color: #ffffff;\">Well aware of the impact of such a decision on your personal needs, we apologize and assure you of our sincere consideration<\/span><br \/>\n<span style=\"color: #ffffff;\">Best regards,<\/span><br \/>\n<span style=\"color: #ffffff;\">The Management Team of Ateliers BIGATA<\/span><\/h2>\n<\/div>\n<\/div>        <\/div>\n    <\/div>\n<\/section>\n\n","protected":false},"excerpt":{"rendered":"Chers clients, Notre Industrie s\u2019adapte \u00e0 nos besoins clients en constante \u00e9volution. A ce titre, d\u00e8s ce 1er Septembre 2024, nous recentrons nos activit\u00e9s industrielles localis\u00e9es au 12 rue Jean\u00a0Baptiste Perrin \u2013 33320 Eysines sur les seuls p\u00e9rim\u00e8tres des d\u00e9pollutions et essais sous pression de pi\u00e8ces usin\u00e9es. Nous cessons \u00e0 effet imm\u00e9diat nos activit\u00e9s historique","protected":false},"author":1,"featured_media":0,"parent":0,"menu_order":0,"comment_status":"closed","ping_status":"closed","template":"","meta":[],"translation":{"provider":"WPGlobus","version":"2.5.15","language":"ru","enabled_languages":["en","fr","ru","ar"],"languages":{"en":{"title":true,"content":true,"excerpt":false},"fr":{"title":false,"content":false,"excerpt":false},"ru":{"title":false,"content":false,"excerpt":false},"ar":{"title":false,"content":false,"excerpt":false}}},"_links":{"self":[{"href":"https:\/\/www.bigata.net\/ru\/wp-json\/wp\/v2\/pages\/358"}],"collection":[{"href":"https:\/\/www.bigata.net\/ru\/wp-json\/wp\/v2\/pages"}],"about":[{"href":"https:\/\/www.bigata.net\/ru\/wp-json\/wp\/v2\/types\/page"}],"author":[{"embeddable":true,"href":"https:\/\/www.bigata.net\/ru\/wp-json\/wp\/v2\/users\/1"}],"replies":[{"embeddable":true,"href":"https:\/\/www.bigata.net\/ru\/wp-json\/wp\/v2\/comments?post=358"}],"version-history":[{"count":79,"href":"https:\/\/www.bigata.net\/ru\/wp-json\/wp\/v2\/pages\/358\/revisions"}],"predecessor-version":[{"id":2716,"href":"https:\/\/www.bigata.net\/ru\/wp-json\/wp\/v2\/pages\/358\/revisions\/2716"}],"wp:attachment":[{"href":"https:\/\/www.bigata.net\/ru\/wp-json\/wp\/v2\/media?parent=358"}],"curies":[{"name":"wp","href":"https:\/\/api.w.org\/{rel}","templated":true}]}}