{"id":1417,"date":"2017-03-14T17:11:10","date_gmt":"2017-03-14T16:11:10","guid":{"rendered":"http:\/\/www.bigata.net\/wordpress\/?page_id=1417"},"modified":"2017-03-14T17:11:10","modified_gmt":"2017-03-14T16:11:10","slug":"mentions","status":"publish","type":"page","link":"https:\/\/www.bigata.net\/ru\/mentions\/","title":{"rendered":"mentions"},"content":{"rendered":"<section class=\"section  text-normal section-text-no-shadow section-inner-no-shadow section-normal section-opaque\"  >\n    \n    <div class=\"background-overlay grid-overlay-0 \" style=\"background-color: rgba(0,0,0,0);\"><\/div>\n\n    <div class=\"container container-vertical-default\">\n        <div class=\"row vertical-default\">\n            <div class=\"col-md-8     text-default small-screen-default\"  ><div class=\"col-text-1 text-normal  element-top-20 element-bottom-20\" data-os-animation=\"none\" data-os-animation-delay=\"0s\">\n    <h3 class=\"p1\"><strong>Edition<br \/>\n<\/strong><\/h3>\n<p class=\"p1\">Le site www.bigata.net\u00a0est administr\u00e9 par M. NAULLEAU, pour le compte de la SAS\u00a0ATELIERS BIGATA. Le directeur de la publication est M. NAULLEAU<\/p>\n<p class=\"p1\">10 Rue Jean-Baptiste Perrin &#8211; 33320 Eysines &#8211; FRANCE<\/p>\n<p class=\"p1\">SAS ATELIERS BIGATA No. SIRET: 460 200 405 00039<br \/>\nSAS au capital social de 130,000\u20ac<\/p>\n<p class=\"p1\">t\u00e9l. +33 5 56 28 61 70<a href=\"mailto:customer.support@bigata.net\"><span class=\"s1\"><br \/>\ncustomer.support@bigata.net<\/span><\/a><\/p>\n<h3 class=\"p1\"><strong>H\u00e9bergement<br \/>\n<\/strong><\/h3>\n<div class=\"wrapper\">\n<div class=\"content-mention\">\n<p>Le site www.bigata.net est h\u00e9berg\u00e9 sur les serveurs de la soci\u00e9t\u00e9 OVH<\/p>\n<\/div>\n<\/div>\n<h3><strong>Propri\u00e9t\u00e9 industrielle et intellectuelle<\/strong><\/h3>\n<p>La reproduction m\u00eame partielle de ce site internet et de l&#8217;ensemble de son contenu est interdite sans autorisation.<\/p>\n<h3><strong>Cookies<\/strong><strong><br \/>\n<\/strong><\/h3>\n<p>Les fichiers de cookies utilis\u00e9s par notre site ont deux finalit\u00e9s :<\/p>\n<p>\u2022Enregistrer temporairement vos pr\u00e9f\u00e9rences ou vos s\u00e9lections lors de votre visite.<br \/>\n\u2022Nous permettre de constituer les statistiques de fr\u00e9quentation du site.<\/p>\n<p>Ces statistiques ne contiennent aucune donn\u00e9e personnelle.<br \/>\nIl n\u2019y a aucun risque \u00e0 accepter les cookies de ce site.<br \/>\nIls ne contiennent qu\u2019un num\u00e9ro d\u2019identification anonyme.<br \/>\nIls ne peuvent pas \u00eatre ex\u00e9cut\u00e9s en tant que codes ni transporter de virus.<\/p>\n<h3><strong>Responsabilit\u00e9<\/strong><\/h3>\n<p>Les ATELIERS BIGATA d\u00e9cline toute responsabilit\u00e9 pour toute information, inexactitude ou omission portant sur les informations disponibles sur son site Internet. En outre, toute d\u00e9cision prise sur la foi de ces informations ne peut engager la responsabilit\u00e9 de la Soci\u00e9t\u00e9 ATELIERS BIGATA. En aucun cas la Soci\u00e9t\u00e9 ATELIERS BIGATA ne pourra \u00eatre tenu responsable des dommages directs ou indirects r\u00e9sultant de l\u2019usage de son site web.<\/p>\n<p>Notre site web contient \u00e9galement des liens vers des sites tiers pour lesquels les mentions pr\u00e9c\u00e9dentes ne s\u2019appliquent pas.<\/p>\n<\/div>\n<\/div><div class=\"col-md-4     text-default small-screen-default\"  ><div class=\"figure element-top-20 element-bottom-20  \" data-os-animation=\"none\" data-os-animation-delay=\"0s\">\n            <a href=\"https:\/\/www.bigata.net\/wordpress\/wp-content\/uploads\/2016\/05\/Bigata-plane-cycle.jpg\" class=\"figure-image magnific\" target=\"_self\">\n        <img width=\"600\" height=\"645\" src=\"https:\/\/www.bigata.net\/wordpress\/wp-content\/uploads\/2016\/05\/Bigata-plane-cycle.jpg\" class=\"attachment-full size-full\" alt=\"\" loading=\"lazy\" srcset=\"https:\/\/www.bigata.net\/wordpress\/wp-content\/uploads\/2016\/05\/Bigata-plane-cycle.jpg 600w, https:\/\/www.bigata.net\/wordpress\/wp-content\/uploads\/2016\/05\/Bigata-plane-cycle-279x300.jpg 279w\" sizes=\"(max-width: 600px) 100vw, 600px\" \/>            <\/a>\n    <\/div>\n<div class=\"figure element-top-20 element-bottom-20  \" data-os-animation=\"none\" data-os-animation-delay=\"0s\">\n            <a href=\"https:\/\/www.bigata.net\/wordpress\/wp-content\/uploads\/2017\/01\/Ateliers-Bigata-industry-about-us-ben.png\" class=\"figure-image magnific\" target=\"_self\">\n        <img width=\"800\" height=\"369\" src=\"https:\/\/www.bigata.net\/wordpress\/wp-content\/uploads\/2017\/01\/Ateliers-Bigata-industry-about-us-ben.png\" class=\"attachment-full size-full\" alt=\"\" loading=\"lazy\" srcset=\"https:\/\/www.bigata.net\/wordpress\/wp-content\/uploads\/2017\/01\/Ateliers-Bigata-industry-about-us-ben.png 800w, https:\/\/www.bigata.net\/wordpress\/wp-content\/uploads\/2017\/01\/Ateliers-Bigata-industry-about-us-ben-700x323.png 700w, https:\/\/www.bigata.net\/wordpress\/wp-content\/uploads\/2017\/01\/Ateliers-Bigata-industry-about-us-ben-300x138.png 300w, https:\/\/www.bigata.net\/wordpress\/wp-content\/uploads\/2017\/01\/Ateliers-Bigata-industry-about-us-ben-768x354.png 768w\" sizes=\"(max-width: 800px) 100vw, 800px\" \/>            <\/a>\n    <\/div>\n<\/div>        <\/div>\n    <\/div>\n<\/section>\n\n","protected":false},"excerpt":{"rendered":"Edition Le site www.bigata.net\u00a0est administr\u00e9 par M. NAULLEAU, pour le compte de la SAS\u00a0ATELIERS BIGATA. Le directeur de la publication est M. NAULLEAU 10 Rue Jean-Baptiste Perrin - 33320 Eysines - FRANCE SAS ATELIERS BIGATA No. SIRET: 460 200 405 00039 SAS au capital social de 130,000\u20ac t\u00e9l. +33 5 56 28 61 70 customer.support@bigata.net","protected":false},"author":1,"featured_media":0,"parent":0,"menu_order":0,"comment_status":"closed","ping_status":"closed","template":"","meta":[],"translation":{"provider":"WPGlobus","version":"2.5.15","language":"ru","enabled_languages":["en","fr","ru","ar"],"languages":{"en":{"title":true,"content":true,"excerpt":false},"fr":{"title":false,"content":false,"excerpt":false},"ru":{"title":false,"content":false,"excerpt":false},"ar":{"title":false,"content":false,"excerpt":false}}},"_links":{"self":[{"href":"https:\/\/www.bigata.net\/ru\/wp-json\/wp\/v2\/pages\/1417"}],"collection":[{"href":"https:\/\/www.bigata.net\/ru\/wp-json\/wp\/v2\/pages"}],"about":[{"href":"https:\/\/www.bigata.net\/ru\/wp-json\/wp\/v2\/types\/page"}],"author":[{"embeddable":true,"href":"https:\/\/www.bigata.net\/ru\/wp-json\/wp\/v2\/users\/1"}],"replies":[{"embeddable":true,"href":"https:\/\/www.bigata.net\/ru\/wp-json\/wp\/v2\/comments?post=1417"}],"version-history":[{"count":8,"href":"https:\/\/www.bigata.net\/ru\/wp-json\/wp\/v2\/pages\/1417\/revisions"}],"predecessor-version":[{"id":1425,"href":"https:\/\/www.bigata.net\/ru\/wp-json\/wp\/v2\/pages\/1417\/revisions\/1425"}],"wp:attachment":[{"href":"https:\/\/www.bigata.net\/ru\/wp-json\/wp\/v2\/media?parent=1417"}],"curies":[{"name":"wp","href":"https:\/\/api.w.org\/{rel}","templated":true}]}}