{"id":2639,"date":"2023-10-05T23:19:34","date_gmt":"2023-10-05T21:19:34","guid":{"rendered":"https:\/\/www.bigata.net\/?page_id=2639"},"modified":"2023-10-06T18:48:41","modified_gmt":"2023-10-06T16:48:41","slug":"cofinancement-europeen","status":"publish","type":"page","link":"https:\/\/www.bigata.net\/ar\/cofinancement-europeen\/","title":{"rendered":"Cofinancement Europeen"},"content":{"rendered":"<section class=\"section  text-normal section-text-no-shadow section-inner-no-shadow section-normal section-opaque\"  >\n    \n    <div class=\"background-overlay grid-overlay-0 \" style=\"background-color: rgba(0,0,0,0);\"><\/div>\n\n    <div class=\"container container-vertical-default\">\n        <div class=\"row vertical-default\">\n            <div class=\"col-md-6     text-default small-screen-default\"  ><div class=\"col-text-1 text-normal  element-top-20 element-bottom-20\" data-os-animation=\"none\" data-os-animation-delay=\"0s\">\n    <h3>Pr\u00e9sentation du projet<\/h3>\n<\/div>\n<div class=\"figure element-top-0 element-bottom-20  \" data-os-animation=\"none\" data-os-animation-delay=\"0s\">\n            <a href=\"https:\/\/www.bigata.net\/wordpress\/wp-content\/uploads\/2023\/10\/CLEAN-ROOM-SPETEC-bigata.jpg\" class=\"figure-image magnific\" target=\"_self\">\n        <img width=\"554\" height=\"666\" src=\"https:\/\/www.bigata.net\/wordpress\/wp-content\/uploads\/2023\/10\/CLEAN-ROOM-SPETEC-bigata.jpg\" class=\"attachment-full size-full\" alt=\"\" loading=\"lazy\" srcset=\"https:\/\/www.bigata.net\/wordpress\/wp-content\/uploads\/2023\/10\/CLEAN-ROOM-SPETEC-bigata.jpg 554w, https:\/\/www.bigata.net\/wordpress\/wp-content\/uploads\/2023\/10\/CLEAN-ROOM-SPETEC-bigata-250x300.jpg 250w\" sizes=\"(max-width: 554px) 100vw, 554px\" \/>            <\/a>\n    <\/div>\n<\/div><div class=\"col-md-6     text-default small-screen-default\"  ><div class=\"col-text-1 text-normal  element-top-40 element-bottom-20\" data-os-animation=\"none\" data-os-animation-delay=\"0s\">\n    <h2>Le soutien important de la R\u00e9gion Nouvelle-Aquitaine dans le cadre du plan FEDER Relance post COVID \u00e0 rendu possible de nombreux investissements industriels sur notre site d&#8217;EYSINES :<\/h2>\n<\/div>\n<div class=\"figure element-top-0 element-bottom-0 image-effect-zoom-out \" data-os-animation=\"none\" data-os-animation-delay=\"0s\">\n            <a href=\"https:\/\/www.bigata.net\/wordpress\/wp-content\/uploads\/2023\/09\/bloc_marque_avenir.jpg\" class=\"figure-image magnific\" target=\"_blank\">\n        <img width=\"1405\" height=\"659\" src=\"https:\/\/www.bigata.net\/wordpress\/wp-content\/uploads\/2023\/09\/bloc_marque_avenir.jpg\" class=\"attachment-full size-full\" alt=\"\" loading=\"lazy\" srcset=\"https:\/\/www.bigata.net\/wordpress\/wp-content\/uploads\/2023\/09\/bloc_marque_avenir.jpg 1405w, https:\/\/www.bigata.net\/wordpress\/wp-content\/uploads\/2023\/09\/bloc_marque_avenir-300x141.jpg 300w, https:\/\/www.bigata.net\/wordpress\/wp-content\/uploads\/2023\/09\/bloc_marque_avenir-1024x480.jpg 1024w, https:\/\/www.bigata.net\/wordpress\/wp-content\/uploads\/2023\/09\/bloc_marque_avenir-768x360.jpg 768w, https:\/\/www.bigata.net\/wordpress\/wp-content\/uploads\/2023\/09\/bloc_marque_avenir-700x328.jpg 700w\" sizes=\"(max-width: 1405px) 100vw, 1405px\" \/>            <\/a>\n    <\/div>\n<div class=\"col-text-1 text-normal  element-top-20 element-bottom-20\" data-os-animation=\"none\" data-os-animation-delay=\"0s\">\n    <ul>\n<li>Banc de test Oxyg\u00e8ne en d\u00e9pressurisation<\/li>\n<li>Banc de test R&#038;D Cryog\u00e9nique LN2 &#038; Lhe<\/li>\n<li>Recyclage &#038; Stockage HALON A\u00e9ronautique<\/li>\n<li>Banc de test R&#038;D \u00e0 Spectrom\u00e8tre de Masse<\/li>\n<li>Salle Blanche ISO 8<\/li>\n<li>Infrastructure de Protection des donn\u00e9es Critiques<\/li>\n<\/ul>\n<\/div>\n<\/div>        <\/div>\n    <\/div>\n<\/section>\n\n","protected":false},"excerpt":{"rendered":"Pr\u00e9sentation du projet Le soutien important de la R\u00e9gion Nouvelle-Aquitaine dans le cadre du plan FEDER Relance post COVID \u00e0 rendu possible de nombreux investissements industriels sur notre site d'EYSINES : Banc de test Oxyg\u00e8ne en d\u00e9pressurisation Banc de test R&D Cryog\u00e9nique LN2 & Lhe Recyclage & Stockage HALON A\u00e9ronautique Banc de test R&D \u00e0","protected":false},"author":1,"featured_media":0,"parent":0,"menu_order":0,"comment_status":"closed","ping_status":"closed","template":"","meta":[],"translation":{"provider":"WPGlobus","version":"2.5.15","language":"ar","enabled_languages":["en","fr","ru","ar"],"languages":{"en":{"title":true,"content":true,"excerpt":false},"fr":{"title":false,"content":false,"excerpt":false},"ru":{"title":false,"content":false,"excerpt":false},"ar":{"title":false,"content":false,"excerpt":false}}},"_links":{"self":[{"href":"https:\/\/www.bigata.net\/ar\/wp-json\/wp\/v2\/pages\/2639"}],"collection":[{"href":"https:\/\/www.bigata.net\/ar\/wp-json\/wp\/v2\/pages"}],"about":[{"href":"https:\/\/www.bigata.net\/ar\/wp-json\/wp\/v2\/types\/page"}],"author":[{"embeddable":true,"href":"https:\/\/www.bigata.net\/ar\/wp-json\/wp\/v2\/users\/1"}],"replies":[{"embeddable":true,"href":"https:\/\/www.bigata.net\/ar\/wp-json\/wp\/v2\/comments?post=2639"}],"version-history":[{"count":7,"href":"https:\/\/www.bigata.net\/ar\/wp-json\/wp\/v2\/pages\/2639\/revisions"}],"predecessor-version":[{"id":2651,"href":"https:\/\/www.bigata.net\/ar\/wp-json\/wp\/v2\/pages\/2639\/revisions\/2651"}],"wp:attachment":[{"href":"https:\/\/www.bigata.net\/ar\/wp-json\/wp\/v2\/media?parent=2639"}],"curies":[{"name":"wp","href":"https:\/\/api.w.org\/{rel}","templated":true}]}}